{"id":9,"date":"2025-07-08T13:00:08","date_gmt":"2025-07-08T13:00:08","guid":{"rendered":"http:\/\/elkapaisagismo.com\/?page_id=9"},"modified":"2026-02-26T18:22:37","modified_gmt":"2026-02-26T18:22:37","slug":"elka-paisagismo","status":"publish","type":"page","link":"https:\/\/elkapaisagismo.com\/","title":{"rendered":"Elka Paisagismo"},"content":{"rendered":"\t\t<div data-elementor-type=\"wp-page\" data-elementor-id=\"9\" class=\"elementor elementor-9\" data-elementor-post-type=\"page\">\n\t\t\t\t<div class=\"elementor-element elementor-element-2d28ffb e-flex e-con-boxed e-con e-parent\" data-id=\"2d28ffb\" data-element_type=\"container\" data-settings=\"{&quot;background_background&quot;:&quot;classic&quot;}\">\n\t\t\t\t\t<div class=\"e-con-inner\">\n\t\t<div class=\"elementor-element elementor-element-551e032 e-con-full e-flex e-con e-child\" data-id=\"551e032\" data-element_type=\"container\">\n\t\t\t\t<div class=\"elementor-element elementor-element-3dff4b6 elementor-widget elementor-widget-image\" data-id=\"3dff4b6\" data-element_type=\"widget\" data-widget_type=\"image.default\">\n\t\t\t\t\t\t\t\t\t\t\t\t\t\t\t<img fetchpriority=\"high\" decoding=\"async\" width=\"459\" height=\"181\" src=\"http:\/\/elkapaisagismo.com\/wp-content\/uploads\/2025\/07\/Marca-e-Slogan-Capa.webp\" class=\"attachment-large size-large wp-image-17\" alt=\"\" srcset=\"http:\/\/elkapaisagismo.com\/wp-content\/uploads\/2025\/07\/Marca-e-Slogan-Capa.webp 459w, http:\/\/elkapaisagismo.com\/wp-content\/uploads\/2025\/07\/Marca-e-Slogan-Capa-300x118.webp 300w\" sizes=\"(max-width: 459px) 100vw, 459px\" \/>\t\t\t\t\t\t\t\t\t\t\t\t\t\t\t<\/div>\n\t\t\t\t<div class=\"elementor-element elementor-element-ec3b0f7 elementor-widget elementor-widget-heading\" data-id=\"ec3b0f7\" data-element_type=\"widget\" data-widget_type=\"heading.default\">\n\t\t\t\t\t<h2 class=\"elementor-heading-title elementor-size-default\">Projetar, implantar e cuidar de todos os tipos de jardim, do jardim vertical ao paisagismo completo para \u00e1reas internas, externas, urbanas e rurais.<br>\n\n<br>\nA Elka desenvolve jardins planejados que unem est\u00e9tica, funcionalidade e valoriza\u00e7\u00e3o do im\u00f3vel, com projeto de irriga\u00e7\u00e3o eficiente, manual ou automatizado, pensado desde o in\u00edcio da obra.\n<br>\n<br>\nDo projeto \u00e0 manuten\u00e7\u00e3o, criamos solu\u00e7\u00f5es verdes que se adaptam ao seu espa\u00e7o, ao seu estilo e ao seu or\u00e7amento.\n<br>\n<br>\nJardim bem planejado \u00e9 investimento, bem-estar e valoriza\u00e7\u00e3o.<br><\/h2>\t\t\t\t<\/div>\n\t\t\t\t<div class=\"elementor-element elementor-element-9527449 elementor-widget elementor-widget-button\" data-id=\"9527449\" data-element_type=\"widget\" data-widget_type=\"button.default\">\n\t\t\t\t\t\t\t\t\t\t<a class=\"elementor-button elementor-button-link elementor-size-sm\" href=\"https:\/\/wa.me\/5538991095317?text=Ol%C3%A1%2C%20vim%20pelo%20site%20e%20gostaria%20de%20mais%20informa%C3%A7%C3%B5es\">\n\t\t\t\t\t\t<span class=\"elementor-button-content-wrapper\">\n\t\t\t\t\t\t\t\t\t<span class=\"elementor-button-text\">Solicitar Or\u00e7amento<\/span>\n\t\t\t\t\t<\/span>\n\t\t\t\t\t<\/a>\n\t\t\t\t\t\t\t\t<\/div>\n\t\t\t\t<\/div>\n\t\t<div class=\"elementor-element elementor-element-6d4e9c2 e-con-full e-flex e-con e-child\" data-id=\"6d4e9c2\" data-element_type=\"container\">\n\t\t\t\t<\/div>\n\t\t\t\t\t<\/div>\n\t\t\t\t<\/div>\n\t\t<div class=\"elementor-element elementor-element-fd18f2a e-flex e-con-boxed e-con e-parent\" data-id=\"fd18f2a\" data-element_type=\"container\" data-settings=\"{&quot;background_background&quot;:&quot;classic&quot;}\">\n\t\t\t\t\t<div class=\"e-con-inner\">\n\t\t<div class=\"elementor-element elementor-element-1b98947 e-con-full e-flex e-con e-child\" data-id=\"1b98947\" data-element_type=\"container\">\n\t\t\t\t<div class=\"elementor-element elementor-element-ea4d401 elementor-widget elementor-widget-image\" data-id=\"ea4d401\" data-element_type=\"widget\" data-widget_type=\"image.default\">\n\t\t\t\t\t\t\t\t\t\t\t\t\t\t\t<img decoding=\"async\" width=\"961\" height=\"662\" src=\"http:\/\/elkapaisagismo.com\/wp-content\/uploads\/2025\/07\/Img-4-1.webp\" class=\"attachment-full size-full wp-image-336\" alt=\"\" srcset=\"http:\/\/elkapaisagismo.com\/wp-content\/uploads\/2025\/07\/Img-4-1.webp 961w, http:\/\/elkapaisagismo.com\/wp-content\/uploads\/2025\/07\/Img-4-1-300x207.webp 300w, http:\/\/elkapaisagismo.com\/wp-content\/uploads\/2025\/07\/Img-4-1-768x529.webp 768w\" sizes=\"(max-width: 961px) 100vw, 961px\" \/>\t\t\t\t\t\t\t\t\t\t\t\t\t\t\t<\/div>\n\t\t\t\t<\/div>\n\t\t<div class=\"elementor-element elementor-element-a5e1fca e-con-full e-flex e-con e-child\" data-id=\"a5e1fca\" data-element_type=\"container\">\n\t\t\t\t<div class=\"elementor-element elementor-element-54610d8 elementor-widget elementor-widget-text-editor\" data-id=\"54610d8\" data-element_type=\"widget\" data-widget_type=\"text-editor.default\">\n\t\t\t\t\t\t\t\t\t<p>A <strong data-renderer-mark=\"true\">Elka Construtora de Jardins<\/strong> atua com <strong data-renderer-mark=\"true\">jardim vertical, paisagismo, todos os tipos de jardim e projeto de irriga\u00e7\u00e3o<\/strong>, atendendo <strong data-renderer-mark=\"true\">Montes Claros, Jana\u00faba, Pirapora, Janu\u00e1ria, Bocai\u00fava, Salinas, Taiobeiras, Francisco S\u00e1, Gr\u00e3o Mogol<\/strong> e todo o <strong data-renderer-mark=\"true\">Norte de Minas<\/strong>, al\u00e9m da <strong data-renderer-mark=\"true\">regi\u00e3o de Guanambi<\/strong>, no interior da Bahia, com atendimento em <strong data-renderer-mark=\"true\">Guanambi, Caetit\u00e9, Candiba, Palmas de Monte Alto, Pinda\u00ed<\/strong> e cidades do entorno.<\/p>\t\t\t\t\t\t\t\t<\/div>\n\t\t\t\t<\/div>\n\t\t\t\t\t<\/div>\n\t\t\t\t<\/div>\n\t\t<div class=\"elementor-element elementor-element-3c88dca e-flex e-con-boxed e-con e-parent\" data-id=\"3c88dca\" data-element_type=\"container\" data-settings=\"{&quot;background_background&quot;:&quot;classic&quot;}\">\n\t\t\t\t\t<div class=\"e-con-inner\">\n\t\t<div class=\"elementor-element elementor-element-0b0dc43 e-con-full e-flex e-con e-child\" data-id=\"0b0dc43\" data-element_type=\"container\">\n\t\t\t\t<div class=\"elementor-element elementor-element-cdde841 elementor-widget elementor-widget-image\" data-id=\"cdde841\" data-element_type=\"widget\" data-widget_type=\"image.default\">\n\t\t\t\t\t\t\t\t\t\t\t\t\t\t\t<img decoding=\"async\" width=\"950\" height=\"950\" src=\"http:\/\/elkapaisagismo.com\/wp-content\/uploads\/2025\/07\/Icon1-1.webp\" class=\"attachment-full size-full wp-image-266\" alt=\"\" srcset=\"http:\/\/elkapaisagismo.com\/wp-content\/uploads\/2025\/07\/Icon1-1.webp 950w, http:\/\/elkapaisagismo.com\/wp-content\/uploads\/2025\/07\/Icon1-1-300x300.webp 300w, http:\/\/elkapaisagismo.com\/wp-content\/uploads\/2025\/07\/Icon1-1-150x150.webp 150w, http:\/\/elkapaisagismo.com\/wp-content\/uploads\/2025\/07\/Icon1-1-768x768.webp 768w\" sizes=\"(max-width: 950px) 100vw, 950px\" \/>\t\t\t\t\t\t\t\t\t\t\t\t\t\t\t<\/div>\n\t\t\t\t<div class=\"elementor-element elementor-element-0e3cddd elementor-widget elementor-widget-heading\" data-id=\"0e3cddd\" data-element_type=\"widget\" data-widget_type=\"heading.default\">\n\t\t\t\t\t<h2 class=\"elementor-heading-title elementor-size-default\">Jardim vertical natural e artificial<\/h2>\t\t\t\t<\/div>\n\t\t\t\t<\/div>\n\t\t<div class=\"elementor-element elementor-element-e21e00f e-con-full e-flex e-con e-child\" data-id=\"e21e00f\" data-element_type=\"container\">\n\t\t\t\t<div class=\"elementor-element elementor-element-01a3993 elementor-widget elementor-widget-image\" data-id=\"01a3993\" data-element_type=\"widget\" data-widget_type=\"image.default\">\n\t\t\t\t\t\t\t\t\t\t\t\t\t\t\t<img loading=\"lazy\" decoding=\"async\" width=\"800\" height=\"801\" src=\"http:\/\/elkapaisagismo.com\/wp-content\/uploads\/2025\/07\/Icon-5.webp\" class=\"attachment-large size-large wp-image-268\" alt=\"\" srcset=\"http:\/\/elkapaisagismo.com\/wp-content\/uploads\/2025\/07\/Icon-5.webp 949w, http:\/\/elkapaisagismo.com\/wp-content\/uploads\/2025\/07\/Icon-5-300x300.webp 300w, http:\/\/elkapaisagismo.com\/wp-content\/uploads\/2025\/07\/Icon-5-150x150.webp 150w, http:\/\/elkapaisagismo.com\/wp-content\/uploads\/2025\/07\/Icon-5-768x769.webp 768w\" sizes=\"(max-width: 800px) 100vw, 800px\" \/>\t\t\t\t\t\t\t\t\t\t\t\t\t\t\t<\/div>\n\t\t\t\t<div class=\"elementor-element elementor-element-10c00de elementor-widget elementor-widget-heading\" data-id=\"10c00de\" data-element_type=\"widget\" data-widget_type=\"heading.default\">\n\t\t\t\t\t<h2 class=\"elementor-heading-title elementor-size-default\">Hortas urbanas e jardins comest\u00edveis<\/h2>\t\t\t\t<\/div>\n\t\t\t\t<\/div>\n\t\t<div class=\"elementor-element elementor-element-6fdc851 e-con-full e-flex e-con e-child\" data-id=\"6fdc851\" data-element_type=\"container\">\n\t\t\t\t<div class=\"elementor-element elementor-element-722209d elementor-widget elementor-widget-image\" data-id=\"722209d\" data-element_type=\"widget\" data-widget_type=\"image.default\">\n\t\t\t\t\t\t\t\t\t\t\t\t\t\t\t<img loading=\"lazy\" decoding=\"async\" width=\"800\" height=\"800\" src=\"http:\/\/elkapaisagismo.com\/wp-content\/uploads\/2025\/07\/Icon-6.webp\" class=\"attachment-large size-large wp-image-272\" alt=\"\" srcset=\"http:\/\/elkapaisagismo.com\/wp-content\/uploads\/2025\/07\/Icon-6.webp 950w, http:\/\/elkapaisagismo.com\/wp-content\/uploads\/2025\/07\/Icon-6-300x300.webp 300w, http:\/\/elkapaisagismo.com\/wp-content\/uploads\/2025\/07\/Icon-6-150x150.webp 150w, http:\/\/elkapaisagismo.com\/wp-content\/uploads\/2025\/07\/Icon-6-768x768.webp 768w\" sizes=\"(max-width: 800px) 100vw, 800px\" \/>\t\t\t\t\t\t\t\t\t\t\t\t\t\t\t<\/div>\n\t\t\t\t<div class=\"elementor-element elementor-element-9838710 elementor-widget elementor-widget-heading\" data-id=\"9838710\" data-element_type=\"widget\" data-widget_type=\"heading.default\">\n\t\t\t\t\t<h2 class=\"elementor-heading-title elementor-size-default\">Paisagismo para \u00e1reas internas e externas<\/h2>\t\t\t\t<\/div>\n\t\t\t\t<\/div>\n\t\t<div class=\"elementor-element elementor-element-ec020fe e-con-full e-flex e-con e-child\" data-id=\"ec020fe\" data-element_type=\"container\">\n\t\t\t\t<div class=\"elementor-element elementor-element-2ae1d48 elementor-widget elementor-widget-image\" data-id=\"2ae1d48\" data-element_type=\"widget\" data-widget_type=\"image.default\">\n\t\t\t\t\t\t\t\t\t\t\t\t\t\t\t<img loading=\"lazy\" decoding=\"async\" width=\"800\" height=\"800\" src=\"http:\/\/elkapaisagismo.com\/wp-content\/uploads\/2025\/07\/Icon-4.webp\" class=\"attachment-large size-large wp-image-271\" alt=\"\" srcset=\"http:\/\/elkapaisagismo.com\/wp-content\/uploads\/2025\/07\/Icon-4.webp 950w, http:\/\/elkapaisagismo.com\/wp-content\/uploads\/2025\/07\/Icon-4-300x300.webp 300w, http:\/\/elkapaisagismo.com\/wp-content\/uploads\/2025\/07\/Icon-4-150x150.webp 150w, http:\/\/elkapaisagismo.com\/wp-content\/uploads\/2025\/07\/Icon-4-768x768.webp 768w\" sizes=\"(max-width: 800px) 100vw, 800px\" \/>\t\t\t\t\t\t\t\t\t\t\t\t\t\t\t<\/div>\n\t\t\t\t<div class=\"elementor-element elementor-element-9c0e9ab elementor-widget elementor-widget-heading\" data-id=\"9c0e9ab\" data-element_type=\"widget\" data-widget_type=\"heading.default\">\n\t\t\t\t\t<h2 class=\"elementor-heading-title elementor-size-default\">Projetos para zona urbana e rural<\/h2>\t\t\t\t<\/div>\n\t\t\t\t<\/div>\n\t\t<div class=\"elementor-element elementor-element-807f646 e-con-full e-flex e-con e-child\" data-id=\"807f646\" data-element_type=\"container\">\n\t\t\t\t<div class=\"elementor-element elementor-element-ec162a8 elementor-widget elementor-widget-image\" data-id=\"ec162a8\" data-element_type=\"widget\" data-widget_type=\"image.default\">\n\t\t\t\t\t\t\t\t\t\t\t\t\t\t\t<img loading=\"lazy\" decoding=\"async\" width=\"800\" height=\"800\" src=\"http:\/\/elkapaisagismo.com\/wp-content\/uploads\/2025\/07\/Icon-3.webp\" class=\"attachment-large size-large wp-image-267\" alt=\"\" srcset=\"http:\/\/elkapaisagismo.com\/wp-content\/uploads\/2025\/07\/Icon-3.webp 950w, http:\/\/elkapaisagismo.com\/wp-content\/uploads\/2025\/07\/Icon-3-300x300.webp 300w, http:\/\/elkapaisagismo.com\/wp-content\/uploads\/2025\/07\/Icon-3-150x150.webp 150w, http:\/\/elkapaisagismo.com\/wp-content\/uploads\/2025\/07\/Icon-3-768x768.webp 768w\" sizes=\"(max-width: 800px) 100vw, 800px\" \/>\t\t\t\t\t\t\t\t\t\t\t\t\t\t\t<\/div>\n\t\t\t\t<div class=\"elementor-element elementor-element-56e5787 elementor-widget elementor-widget-heading\" data-id=\"56e5787\" data-element_type=\"widget\" data-widget_type=\"heading.default\">\n\t\t\t\t\t<h2 class=\"elementor-heading-title elementor-size-default\">Sistemas de irriga\u00e7\u00e3o inteligentes (manual ou automatizado)<\/h2>\t\t\t\t<\/div>\n\t\t\t\t<\/div>\n\t\t<div class=\"elementor-element elementor-element-b9fc2d1 e-con-full e-flex e-con e-child\" data-id=\"b9fc2d1\" data-element_type=\"container\">\n\t\t\t\t<div class=\"elementor-element elementor-element-816442b elementor-widget elementor-widget-image\" data-id=\"816442b\" data-element_type=\"widget\" data-widget_type=\"image.default\">\n\t\t\t\t\t\t\t\t\t\t\t\t\t\t\t<img loading=\"lazy\" decoding=\"async\" width=\"800\" height=\"800\" src=\"http:\/\/elkapaisagismo.com\/wp-content\/uploads\/2025\/07\/icon-2.webp\" class=\"attachment-large size-large wp-image-269\" alt=\"\" srcset=\"http:\/\/elkapaisagismo.com\/wp-content\/uploads\/2025\/07\/icon-2.webp 950w, http:\/\/elkapaisagismo.com\/wp-content\/uploads\/2025\/07\/icon-2-300x300.webp 300w, http:\/\/elkapaisagismo.com\/wp-content\/uploads\/2025\/07\/icon-2-150x150.webp 150w, http:\/\/elkapaisagismo.com\/wp-content\/uploads\/2025\/07\/icon-2-768x768.webp 768w\" sizes=\"(max-width: 800px) 100vw, 800px\" \/>\t\t\t\t\t\t\t\t\t\t\t\t\t\t\t<\/div>\n\t\t\t\t<div class=\"elementor-element elementor-element-26a4c63 elementor-widget elementor-widget-heading\" data-id=\"26a4c63\" data-element_type=\"widget\" data-widget_type=\"heading.default\">\n\t\t\t\t\t<h2 class=\"elementor-heading-title elementor-size-default\">Manuten\u00e7\u00e3o peri\u00f3dica e revitaliza\u00e7\u00e3o de jardins<\/h2>\t\t\t\t<\/div>\n\t\t\t\t<\/div>\n\t\t\t\t\t<\/div>\n\t\t\t\t<\/div>\n\t\t<div class=\"elementor-element elementor-element-d685b7e e-flex e-con-boxed e-con e-parent\" data-id=\"d685b7e\" data-element_type=\"container\" data-settings=\"{&quot;background_background&quot;:&quot;classic&quot;}\">\n\t\t\t\t\t<div class=\"e-con-inner\">\n\t\t<div class=\"elementor-element elementor-element-d7cdef7 e-con-full e-flex e-con e-child\" data-id=\"d7cdef7\" data-element_type=\"container\">\n\t\t\t\t<div class=\"elementor-element elementor-element-228ccf5 elementor-widget elementor-widget-heading\" data-id=\"228ccf5\" data-element_type=\"widget\" data-widget_type=\"heading.default\">\n\t\t\t\t\t<h2 class=\"elementor-heading-title elementor-size-default\">Nossos diferenciais<\/h2>\t\t\t\t<\/div>\n\t\t\t\t<div class=\"elementor-element elementor-element-1f3f65d elementor-widget elementor-widget-text-editor\" data-id=\"1f3f65d\" data-element_type=\"widget\" data-widget_type=\"text-editor.default\">\n\t\t\t\t\t\t\t\t\t<ul><li>Projeto completo &#8211; do planejamento<br \/>incial \u00e0 entrega do seu jardim.<\/li><li>Irriga\u00e7\u00e3o t\u00e9cnica automatizada<\/li><li>Atendemos MG e Sul da Bahia<\/li><li>Qualidade garantida<\/li><li>Parcerias com Arquitetos e Paisagistas<\/li><\/ul>\t\t\t\t\t\t\t\t<\/div>\n\t\t\t\t<\/div>\n\t\t<div class=\"elementor-element elementor-element-333b396 e-con-full e-flex e-con e-child\" data-id=\"333b396\" data-element_type=\"container\">\n\t\t\t\t<div class=\"elementor-element elementor-element-59561b7 elementor-widget elementor-widget-image\" data-id=\"59561b7\" data-element_type=\"widget\" data-widget_type=\"image.default\">\n\t\t\t\t\t\t\t\t\t\t\t\t\t\t\t<img loading=\"lazy\" decoding=\"async\" width=\"961\" height=\"662\" src=\"http:\/\/elkapaisagismo.com\/wp-content\/uploads\/2025\/07\/Img-5-1.webp\" class=\"attachment-full size-full wp-image-337\" alt=\"\" srcset=\"http:\/\/elkapaisagismo.com\/wp-content\/uploads\/2025\/07\/Img-5-1.webp 961w, http:\/\/elkapaisagismo.com\/wp-content\/uploads\/2025\/07\/Img-5-1-300x207.webp 300w, http:\/\/elkapaisagismo.com\/wp-content\/uploads\/2025\/07\/Img-5-1-768x529.webp 768w\" sizes=\"(max-width: 961px) 100vw, 961px\" \/>\t\t\t\t\t\t\t\t\t\t\t\t\t\t\t<\/div>\n\t\t\t\t<\/div>\n\t\t\t\t\t<\/div>\n\t\t\t\t<\/div>\n\t\t\t\t<\/div>\n\t\t","protected":false},"excerpt":{"rendered":"<p>Projetar, implantar e cuidar de todos os tipos de jardim, do jardim vertical ao paisagismo completo para \u00e1reas internas, externas, urbanas e rurais. A Elka desenvolve jardins planejados que unem est\u00e9tica, funcionalidade e valoriza\u00e7\u00e3o do im\u00f3vel, com projeto de irriga\u00e7\u00e3o eficiente, manual ou automatizado, pensado desde o in\u00edcio da obra. Do projeto \u00e0 manuten\u00e7\u00e3o, criamos [&hellip;]<\/p>\n","protected":false},"author":1,"featured_media":0,"parent":0,"menu_order":0,"comment_status":"closed","ping_status":"closed","template":"elementor_theme","meta":{"footnotes":""},"class_list":["post-9","page","type-page","status-publish","hentry"],"_links":{"self":[{"href":"https:\/\/elkapaisagismo.com\/index.php?rest_route=\/wp\/v2\/pages\/9","targetHints":{"allow":["GET"]}}],"collection":[{"href":"https:\/\/elkapaisagismo.com\/index.php?rest_route=\/wp\/v2\/pages"}],"about":[{"href":"https:\/\/elkapaisagismo.com\/index.php?rest_route=\/wp\/v2\/types\/page"}],"author":[{"embeddable":true,"href":"https:\/\/elkapaisagismo.com\/index.php?rest_route=\/wp\/v2\/users\/1"}],"replies":[{"embeddable":true,"href":"https:\/\/elkapaisagismo.com\/index.php?rest_route=%2Fwp%2Fv2%2Fcomments&post=9"}],"version-history":[{"count":193,"href":"https:\/\/elkapaisagismo.com\/index.php?rest_route=\/wp\/v2\/pages\/9\/revisions"}],"predecessor-version":[{"id":395,"href":"https:\/\/elkapaisagismo.com\/index.php?rest_route=\/wp\/v2\/pages\/9\/revisions\/395"}],"wp:attachment":[{"href":"https:\/\/elkapaisagismo.com\/index.php?rest_route=%2Fwp%2Fv2%2Fmedia&parent=9"}],"curies":[{"name":"wp","href":"https:\/\/api.w.org\/{rel}","templated":true}]}}